{"id":2,"date":"2026-03-11T15:57:53","date_gmt":"2026-03-11T18:57:53","guid":{"rendered":"http:\/\/newserviceeventos.com\/?page_id=2"},"modified":"2026-03-12T12:06:20","modified_gmt":"2026-03-12T15:06:20","slug":"pagina-exemplo","status":"publish","type":"page","link":"https:\/\/newserviceeventos.com\/","title":{"rendered":"home"},"content":{"rendered":"\t\t<div data-elementor-type=\"wp-page\" data-elementor-id=\"2\" class=\"elementor elementor-2\" data-elementor-post-type=\"page\">\n\t\t\t\t<div class=\"elementor-element elementor-element-3ec42ee8 e-con-full e-flex e-con e-parent\" data-id=\"3ec42ee8\" data-element_type=\"container\" data-e-type=\"container\">\n\t\t\t\t<div class=\"elementor-element elementor-element-28c9dc06 elementor-widget elementor-widget-image\" data-id=\"28c9dc06\" data-element_type=\"widget\" data-e-type=\"widget\" data-widget_type=\"image.default\">\n\t\t\t\t\t\t\t\t\t\t\t\t\t\t\t<img fetchpriority=\"high\" decoding=\"async\" width=\"750\" height=\"750\" src=\"https:\/\/newserviceeventos.com\/wp-content\/uploads\/2026\/03\/Texto-do-seu-paragrafo.png\" class=\"attachment-full size-full wp-image-49\" alt=\"\" srcset=\"https:\/\/newserviceeventos.com\/wp-content\/uploads\/2026\/03\/Texto-do-seu-paragrafo.png 750w, https:\/\/newserviceeventos.com\/wp-content\/uploads\/2026\/03\/Texto-do-seu-paragrafo-300x300.png 300w, https:\/\/newserviceeventos.com\/wp-content\/uploads\/2026\/03\/Texto-do-seu-paragrafo-150x150.png 150w\" sizes=\"(max-width: 750px) 100vw, 750px\" \/>\t\t\t\t\t\t\t\t\t\t\t\t\t\t\t<\/div>\n\t\t\t\t<\/div>\n\t\t<div class=\"elementor-element elementor-element-3aeb4ab e-con-full e-flex e-con e-parent\" data-id=\"3aeb4ab\" data-element_type=\"container\" data-e-type=\"container\" data-settings=\"{&quot;background_background&quot;:&quot;classic&quot;}\">\n\t\t<div class=\"elementor-element elementor-element-4f42c45 e-con-full e-flex e-con e-child\" data-id=\"4f42c45\" data-element_type=\"container\" data-e-type=\"container\">\n\t\t\t\t<div class=\"elementor-element elementor-element-76505988 elementor-invisible elementor-widget elementor-widget-heading\" data-id=\"76505988\" data-element_type=\"widget\" data-e-type=\"widget\" data-settings=\"{&quot;_animation&quot;:&quot;fadeIn&quot;}\" data-widget_type=\"heading.default\">\n\t\t\t\t\t<h1 class=\"elementor-heading-title elementor-size-default\">Solu\u00e7\u00f5es completas para eventos e empresas.<\/h1>\t\t\t\t<\/div>\n\t\t\t\t<div class=\"elementor-element elementor-element-47d83eed elementor-invisible elementor-widget elementor-widget-text-editor\" data-id=\"47d83eed\" data-element_type=\"widget\" data-e-type=\"widget\" data-settings=\"{&quot;_animation&quot;:&quot;fadeIn&quot;}\" data-widget_type=\"text-editor.default\">\n\t\t\t\t\t\t\t\t\t<p data-pm-slice=\"1 1 []\">Desde 2023 a Newservice Buffet, Servi\u00e7os e Loca\u00e7\u00e3o \u00e9 uma empresa sediada em S\u00e3o Paulo, especializada em solu\u00e7\u00f5es completas para empresas e eventos. Atuamos nas \u00e1reas de recrutamento de m\u00e3o de obra, loca\u00e7\u00e3o de equipamentos, servi\u00e7o de Buffet e com\u00e9rcio de produtos para eventos, oferecendo servi\u00e7os com qualidade, agilidade e profissionalismo.<\/p>\t\t\t\t\t\t\t\t<\/div>\n\t\t\t\t<div class=\"elementor-element elementor-element-302ed3b4 elementor-mobile-align-center elementor-invisible elementor-widget elementor-widget-button\" data-id=\"302ed3b4\" data-element_type=\"widget\" data-e-type=\"widget\" data-settings=\"{&quot;_animation&quot;:&quot;fadeInDown&quot;}\" data-widget_type=\"button.default\">\n\t\t\t\t\t\t\t\t\t\t<a class=\"elementor-button elementor-button-link elementor-size-sm\" href=\"mailto:newservicelocacoes@gmail.com\">\n\t\t\t\t\t\t<span class=\"elementor-button-content-wrapper\">\n\t\t\t\t\t\t\t\t\t<span class=\"elementor-button-text\">FA\u00c7A O SEU OR\u00c7AMENTO<\/span>\n\t\t\t\t\t<\/span>\n\t\t\t\t\t<\/a>\n\t\t\t\t\t\t\t\t<\/div>\n\t\t\t\t<\/div>\n\t\t<div class=\"elementor-element elementor-element-1d7545a3 e-con-full e-flex e-con e-child\" data-id=\"1d7545a3\" data-element_type=\"container\" data-e-type=\"container\">\n\t\t\t\t<div class=\"elementor-element elementor-element-1ba3e2b elementor-widget elementor-widget-image\" data-id=\"1ba3e2b\" data-element_type=\"widget\" data-e-type=\"widget\" data-widget_type=\"image.default\">\n\t\t\t\t\t\t\t\t\t\t\t\t\t\t\t<img decoding=\"async\" width=\"800\" height=\"534\" src=\"https:\/\/newserviceeventos.com\/wp-content\/uploads\/2026\/03\/evento-corporativo-foto-de-capa-1024x683.jpg\" class=\"attachment-large size-large wp-image-42\" alt=\"\" srcset=\"https:\/\/newserviceeventos.com\/wp-content\/uploads\/2026\/03\/evento-corporativo-foto-de-capa-1024x683.jpg 1024w, https:\/\/newserviceeventos.com\/wp-content\/uploads\/2026\/03\/evento-corporativo-foto-de-capa-300x200.jpg 300w, https:\/\/newserviceeventos.com\/wp-content\/uploads\/2026\/03\/evento-corporativo-foto-de-capa-768x512.jpg 768w, https:\/\/newserviceeventos.com\/wp-content\/uploads\/2026\/03\/evento-corporativo-foto-de-capa-1536x1024.jpg 1536w, https:\/\/newserviceeventos.com\/wp-content\/uploads\/2026\/03\/evento-corporativo-foto-de-capa.jpg 1935w\" sizes=\"(max-width: 800px) 100vw, 800px\" \/>\t\t\t\t\t\t\t\t\t\t\t\t\t\t\t<\/div>\n\t\t\t\t<\/div>\n\t\t\t\t<\/div>\n\t\t<div class=\"elementor-element elementor-element-3301ca81 e-con-full e-flex elementor-invisible e-con e-parent\" data-id=\"3301ca81\" data-element_type=\"container\" data-e-type=\"container\" data-settings=\"{&quot;background_background&quot;:&quot;classic&quot;,&quot;animation&quot;:&quot;fadeIn&quot;}\">\n\t\t<div class=\"elementor-element elementor-element-5619a37 e-grid e-con-boxed e-con e-child\" data-id=\"5619a37\" data-element_type=\"container\" data-e-type=\"container\">\n\t\t\t\t\t<div class=\"e-con-inner\">\n\t\t\t\t<div class=\"elementor-element elementor-element-6b3eb78 elementor-widget elementor-widget-heading\" data-id=\"6b3eb78\" data-element_type=\"widget\" data-e-type=\"widget\" data-widget_type=\"heading.default\">\n\t\t\t\t\t<h2 class=\"elementor-heading-title elementor-size-default\">4+<br>\u00c1reas de atua\u00e7\u00e3o<\/h2>\t\t\t\t<\/div>\n\t\t\t\t<div class=\"elementor-element elementor-element-fa0de10 elementor-widget elementor-widget-heading\" data-id=\"fa0de10\" data-element_type=\"widget\" data-e-type=\"widget\" data-widget_type=\"heading.default\">\n\t\t\t\t\t<h2 class=\"elementor-heading-title elementor-size-default\">100%<br>Qualidade<\/h2>\t\t\t\t<\/div>\n\t\t\t\t<div class=\"elementor-element elementor-element-67b5bb0 elementor-widget elementor-widget-heading\" data-id=\"67b5bb0\" data-element_type=\"widget\" data-e-type=\"widget\" data-widget_type=\"heading.default\">\n\t\t\t\t\t<h2 class=\"elementor-heading-title elementor-size-default\">Sediada em<br>S\u00e3o Paulo<\/h2>\t\t\t\t<\/div>\n\t\t\t\t\t<\/div>\n\t\t\t\t<\/div>\n\t\t\t\t<\/div>\n\t\t<div class=\"elementor-element elementor-element-139b8c79 e-flex e-con-boxed e-con e-parent\" data-id=\"139b8c79\" data-element_type=\"container\" data-e-type=\"container\">\n\t\t\t\t\t<div class=\"e-con-inner\">\n\t\t<div class=\"elementor-element elementor-element-48b354ea e-con-full e-flex e-con e-child\" data-id=\"48b354ea\" data-element_type=\"container\" data-e-type=\"container\">\n\t\t\t\t<div class=\"elementor-element elementor-element-b397ae8 elementor--h-position-center elementor--v-position-middle elementor-arrows-position-inside elementor-pagination-position-inside elementor-widget elementor-widget-slides\" data-id=\"b397ae8\" data-element_type=\"widget\" data-e-type=\"widget\" data-settings=\"{&quot;navigation&quot;:&quot;both&quot;,&quot;autoplay&quot;:&quot;yes&quot;,&quot;pause_on_hover&quot;:&quot;yes&quot;,&quot;pause_on_interaction&quot;:&quot;yes&quot;,&quot;autoplay_speed&quot;:5000,&quot;infinite&quot;:&quot;yes&quot;,&quot;transition&quot;:&quot;slide&quot;,&quot;transition_speed&quot;:500}\" data-widget_type=\"slides.default\">\n\t\t\t\t\t\t\t\t\t\t<div class=\"elementor-slides-wrapper elementor-main-swiper swiper\" role=\"region\" aria-roledescription=\"carousel\" aria-label=\"Slides\" dir=\"ltr\" data-animation=\"fadeInUp\">\n\t\t\t\t<div class=\"swiper-wrapper elementor-slides\">\n\t\t\t\t\t\t\t\t\t\t<div class=\"elementor-repeater-item-3e546bb swiper-slide\" role=\"group\" aria-roledescription=\"slide\"><div class=\"swiper-slide-bg\" role=\"img\" aria-label=\"5-profissoes-para-quem-quer-trabalhar-com-eventos\"><\/div><div class=\"swiper-slide-inner\" ><div class=\"swiper-slide-contents\"><\/div><\/div><\/div><div class=\"elementor-repeater-item-04ec310 swiper-slide\" role=\"group\" aria-roledescription=\"slide\"><div class=\"swiper-slide-bg\" role=\"img\" aria-label=\"pngtree-buffet-with-several-kinds-of-foods-image_2520656-1\"><\/div><div class=\"swiper-slide-inner\" ><div class=\"swiper-slide-contents\"><\/div><\/div><\/div><div class=\"elementor-repeater-item-8a60a66 swiper-slide\" role=\"group\" aria-roledescription=\"slide\"><div class=\"swiper-slide-bg\" role=\"img\" aria-label=\"evento-corporativo\"><\/div><div class=\"swiper-slide-inner\" ><div class=\"swiper-slide-contents\"><\/div><\/div><\/div>\t\t\t\t<\/div>\n\t\t\t\t\t\t\t\t\t\t\t\t\t\t\t<div class=\"elementor-swiper-button elementor-swiper-button-prev\" role=\"button\" tabindex=\"0\" aria-label=\"Slide anterior\">\n\t\t\t\t\t\t\t<svg aria-hidden=\"true\" class=\"e-font-icon-svg e-eicon-chevron-left\" viewBox=\"0 0 1000 1000\" xmlns=\"http:\/\/www.w3.org\/2000\/svg\"><path d=\"M646 125C629 125 613 133 604 142L308 442C296 454 292 471 292 487 292 504 296 521 308 533L604 854C617 867 629 875 646 875 663 875 679 871 692 858 704 846 713 829 713 812 713 796 708 779 692 767L438 487 692 225C700 217 708 204 708 187 708 171 704 154 692 142 675 129 663 125 646 125Z\"><\/path><\/svg>\t\t\t\t\t\t<\/div>\n\t\t\t\t\t\t<div class=\"elementor-swiper-button elementor-swiper-button-next\" role=\"button\" tabindex=\"0\" aria-label=\"Pr\u00f3ximo slide\">\n\t\t\t\t\t\t\t<svg aria-hidden=\"true\" class=\"e-font-icon-svg e-eicon-chevron-right\" viewBox=\"0 0 1000 1000\" xmlns=\"http:\/\/www.w3.org\/2000\/svg\"><path d=\"M696 533C708 521 713 504 713 487 713 471 708 454 696 446L400 146C388 133 375 125 354 125 338 125 325 129 313 142 300 154 292 171 292 187 292 204 296 221 308 233L563 492 304 771C292 783 288 800 288 817 288 833 296 850 308 863 321 871 338 875 354 875 371 875 388 867 400 854L696 533Z\"><\/path><\/svg>\t\t\t\t\t\t<\/div>\n\t\t\t\t\t\t\t\t\t\t\t\t\t\t\t\t<div class=\"swiper-pagination\"><\/div>\n\t\t\t\t\t\t\t\t\t\t\t\t<\/div>\n\t\t\t\t\t\t\t\t<\/div>\n\t\t\t\t<\/div>\n\t\t<div class=\"elementor-element elementor-element-32ef3d60 e-con-full e-flex e-con e-child\" data-id=\"32ef3d60\" data-element_type=\"container\" data-e-type=\"container\">\n\t\t\t\t<div class=\"elementor-element elementor-element-699ed753 elementor-widget elementor-widget-heading\" data-id=\"699ed753\" data-element_type=\"widget\" data-e-type=\"widget\" data-widget_type=\"heading.default\">\n\t\t\t\t\t<h3 class=\"elementor-heading-title elementor-size-default\">Servi\u00e7os pensados para cada detalhe do seu evento<\/h3>\t\t\t\t<\/div>\n\t\t\t\t<div class=\"elementor-element elementor-element-26cd7dd9 elementor-widget elementor-widget-text-editor\" data-id=\"26cd7dd9\" data-element_type=\"widget\" data-e-type=\"widget\" data-widget_type=\"text-editor.default\">\n\t\t\t\t\t\t\t\t\t<div class=\"service-name\" style=\"margin: 0px 0px 12px; padding: 0px; font-family: 'Playfair Display', serif; font-size: 18px; font-weight: bold; color: #ffffff;\">Recrutamento de M\u00e3o de Obra<\/div><div class=\"service-desc\" style=\"margin: 0px; padding: 0px; font-size: 13.5px; color: rgba(255, 255, 255, 0.45); line-height: 1.7; font-family: 'DM Sans', sans-serif;\">Profissionais qualificados e selecionados para atender \u00e0s demandas espec\u00edficas da sua empresa ou evento.<\/div>\t\t\t\t\t\t\t\t<\/div>\n\t\t\t\t<div class=\"elementor-element elementor-element-4987798 elementor-widget elementor-widget-text-editor\" data-id=\"4987798\" data-element_type=\"widget\" data-e-type=\"widget\" data-widget_type=\"text-editor.default\">\n\t\t\t\t\t\t\t\t\t<div class=\"service-name\" style=\"margin: 0px 0px 12px; padding: 0px; font-family: 'Playfair Display', serif; font-size: 18px; font-weight: bold; color: #ffffff;\"><div class=\"service-name\">Loca\u00e7\u00e3o de Equipamentos<\/div><\/div><div class=\"service-desc\" style=\"margin: 0px; padding: 0px; font-size: 13.5px; color: rgba(255, 255, 255, 0.45); line-height: 1.7; font-family: 'DM Sans', sans-serif;\"><div class=\"service-card\"><div class=\"service-desc\">Equipamentos adequados e em perfeito estado para garantir a infraestrutura ideal em qualquer tipo de evento.<\/div><\/div><\/div>\t\t\t\t\t\t\t\t<\/div>\n\t\t\t\t<div class=\"elementor-element elementor-element-71b26a1 elementor-widget elementor-widget-text-editor\" data-id=\"71b26a1\" data-element_type=\"widget\" data-e-type=\"widget\" data-widget_type=\"text-editor.default\">\n\t\t\t\t\t\t\t\t\t<div class=\"service-name\" style=\"margin: 0px 0px 12px; padding: 0px; font-family: 'Playfair Display', serif; font-size: 18px; font-weight: bold; color: #ffffff;\"><p>Servi\u00e7o de Buffet<\/p><\/div><div class=\"service-desc\" style=\"margin: 0px; padding: 0px; font-size: 13.5px; color: rgba(255, 255, 255, 0.45); line-height: 1.7; font-family: 'DM Sans', sans-serif;\"><div class=\"service-card\"><div class=\"service-desc\"><div class=\"service-card\"><div class=\"service-desc\">Gastronomia de qualidade com servi\u00e7o organizado e atencioso, do coffee break ao evento corporativo completo.<\/div><\/div><div class=\"service-card\">\u00a0<\/div><\/div><\/div><div class=\"service-card\">\u00a0<\/div><\/div>\t\t\t\t\t\t\t\t<\/div>\n\t\t\t\t<div class=\"elementor-element elementor-element-6aba51c1 elementor-mobile-align-center elementor-invisible elementor-widget elementor-widget-button\" data-id=\"6aba51c1\" data-element_type=\"widget\" data-e-type=\"widget\" data-settings=\"{&quot;_animation&quot;:&quot;fadeInDown&quot;}\" data-widget_type=\"button.default\">\n\t\t\t\t\t\t\t\t\t\t<a class=\"elementor-button elementor-button-link elementor-size-sm\" href=\"mailto:newservicelocacoes@gmail.com\">\n\t\t\t\t\t\t<span class=\"elementor-button-content-wrapper\">\n\t\t\t\t\t\t\t\t\t<span class=\"elementor-button-text\">FA\u00c7A O SEU OR\u00c7AMENTO<\/span>\n\t\t\t\t\t<\/span>\n\t\t\t\t\t<\/a>\n\t\t\t\t\t\t\t\t<\/div>\n\t\t\t\t<\/div>\n\t\t\t\t\t<\/div>\n\t\t\t\t<\/div>\n\t\t<footer class=\"elementor-element elementor-element-72b7d48d e-con-full e-flex e-con e-parent\" data-id=\"72b7d48d\" data-element_type=\"container\" data-e-type=\"container\">\n\t\t<div class=\"elementor-element elementor-element-41f1c369 e-con-full e-flex e-con e-child\" data-id=\"41f1c369\" data-element_type=\"container\" data-e-type=\"container\">\n\t\t\t\t<div class=\"elementor-element elementor-element-c7c6572 elementor-widget elementor-widget-image\" data-id=\"c7c6572\" data-element_type=\"widget\" data-e-type=\"widget\" data-widget_type=\"image.default\">\n\t\t\t\t\t\t\t\t\t\t\t\t\t\t\t<img decoding=\"async\" width=\"750\" height=\"750\" src=\"https:\/\/newserviceeventos.com\/wp-content\/uploads\/2026\/03\/Texto-do-seu-paragrafo.png\" class=\"attachment-medium_large size-medium_large wp-image-49\" alt=\"\" srcset=\"https:\/\/newserviceeventos.com\/wp-content\/uploads\/2026\/03\/Texto-do-seu-paragrafo.png 750w, https:\/\/newserviceeventos.com\/wp-content\/uploads\/2026\/03\/Texto-do-seu-paragrafo-300x300.png 300w, https:\/\/newserviceeventos.com\/wp-content\/uploads\/2026\/03\/Texto-do-seu-paragrafo-150x150.png 150w\" sizes=\"(max-width: 750px) 100vw, 750px\" \/>\t\t\t\t\t\t\t\t\t\t\t\t\t\t\t<\/div>\n\t\t\t\t<\/div>\n\t\t<div class=\"elementor-element elementor-element-2392f7da e-con-full e-flex e-con e-child\" data-id=\"2392f7da\" data-element_type=\"container\" data-e-type=\"container\">\n\t\t\t\t<div class=\"elementor-element elementor-element-4a7e416b elementor-icon-list--layout-inline elementor-tablet-align-center elementor-align-center elementor-list-item-link-full_width elementor-widget elementor-widget-icon-list\" data-id=\"4a7e416b\" data-element_type=\"widget\" data-e-type=\"widget\" data-widget_type=\"icon-list.default\">\n\t\t\t\t\t\t\t<ul class=\"elementor-icon-list-items elementor-inline-items\">\n\t\t\t\t\t\t\t<li class=\"elementor-icon-list-item elementor-inline-item\">\n\t\t\t\t\t\t\t\t\t\t<span class=\"elementor-icon-list-text\">NEWSERVICE EVENTOS, BUFFET E LOCACOES LTDA<\/span>\n\t\t\t\t\t\t\t\t\t<\/li>\n\t\t\t\t\t\t\t\t<li class=\"elementor-icon-list-item elementor-inline-item\">\n\t\t\t\t\t\t\t\t\t\t<span class=\"elementor-icon-list-text\">CNPJ: 46.322.965\/0001-00<\/span>\n\t\t\t\t\t\t\t\t\t<\/li>\n\t\t\t\t\t\t\t\t<li class=\"elementor-icon-list-item elementor-inline-item\">\n\t\t\t\t\t\t\t\t\t\t\t<a href=\"mailto:newservicelocacoes@gmail.com\">\n\n\t\t\t\t\t\t\t\t\t\t\t<span class=\"elementor-icon-list-text\">newservicelocacoes@gmail.com<\/span>\n\t\t\t\t\t\t\t\t\t\t\t<\/a>\n\t\t\t\t\t\t\t\t\t<\/li>\n\t\t\t\t\t\t<\/ul>\n\t\t\t\t\t\t<\/div>\n\t\t\t\t<\/div>\n\t\t\t\t<\/footer>\n\t\t<div class=\"elementor-element elementor-element-196b82f5 e-con-full e-flex e-con e-parent\" data-id=\"196b82f5\" data-element_type=\"container\" data-e-type=\"container\" data-settings=\"{&quot;background_background&quot;:&quot;classic&quot;}\">\n\t\t\t\t<div class=\"elementor-element elementor-element-e1bf20a elementor-widget elementor-widget-text-editor\" data-id=\"e1bf20a\" data-element_type=\"widget\" data-e-type=\"widget\" data-widget_type=\"text-editor.default\">\n\t\t\t\t\t\t\t\t\t<p>NEWSERVICE EVENTOS, BUFFET E LOCACOES LTDA\u200b 2026 \u00a9 Todos os direitos reservados | Feito por <a href=\"http:\/\/shavitmedia.com\">Shavit<\/a><\/p>\t\t\t\t\t\t\t\t<\/div>\n\t\t\t\t<\/div>\n\t\t\t\t<\/div>\n\t\t","protected":false},"excerpt":{"rendered":"<p>Solu\u00e7\u00f5es completas para eventos e empresas. Desde 2023 a Newservice Buffet, Servi\u00e7os e Loca\u00e7\u00e3o \u00e9 uma empresa sediada em S\u00e3o Paulo, especializada em solu\u00e7\u00f5es completas para empresas e eventos. Atuamos nas \u00e1reas de recrutamento de m\u00e3o de obra, loca\u00e7\u00e3o de equipamentos, servi\u00e7o de Buffet e com\u00e9rcio de produtos para eventos, oferecendo servi\u00e7os com qualidade, agilidade [&hellip;]<\/p>\n","protected":false},"author":1,"featured_media":0,"parent":0,"menu_order":0,"comment_status":"closed","ping_status":"open","template":"elementor_canvas","meta":{"footnotes":""},"class_list":["post-2","page","type-page","status-publish","hentry"],"_links":{"self":[{"href":"https:\/\/newserviceeventos.com\/index.php?rest_route=\/wp\/v2\/pages\/2","targetHints":{"allow":["GET"]}}],"collection":[{"href":"https:\/\/newserviceeventos.com\/index.php?rest_route=\/wp\/v2\/pages"}],"about":[{"href":"https:\/\/newserviceeventos.com\/index.php?rest_route=\/wp\/v2\/types\/page"}],"author":[{"embeddable":true,"href":"https:\/\/newserviceeventos.com\/index.php?rest_route=\/wp\/v2\/users\/1"}],"replies":[{"embeddable":true,"href":"https:\/\/newserviceeventos.com\/index.php?rest_route=%2Fwp%2Fv2%2Fcomments&post=2"}],"version-history":[{"count":31,"href":"https:\/\/newserviceeventos.com\/index.php?rest_route=\/wp\/v2\/pages\/2\/revisions"}],"predecessor-version":[{"id":71,"href":"https:\/\/newserviceeventos.com\/index.php?rest_route=\/wp\/v2\/pages\/2\/revisions\/71"}],"wp:attachment":[{"href":"https:\/\/newserviceeventos.com\/index.php?rest_route=%2Fwp%2Fv2%2Fmedia&parent=2"}],"curies":[{"name":"wp","href":"https:\/\/api.w.org\/{rel}","templated":true}]}}